{"id":421,"date":"2022-01-17T09:00:30","date_gmt":"2022-01-17T09:00:30","guid":{"rendered":"https:\/\/doula-im-baum.de\/?page_id=421"},"modified":"2022-10-05T13:40:02","modified_gmt":"2022-10-05T13:40:02","slug":"temoignages","status":"publish","type":"page","link":"https:\/\/doula-im-baum.de\/fr\/temoignages\/","title":{"rendered":"T\u00e9moignages"},"content":{"rendered":"\n<h2 class=\"wp-block-heading\" id=\"doula\">Doula<\/h2>\n\n\n<div class=\"wp-block-image is-style-rounded\">\n<figure class=\"alignleft size-full is-resized\"><img loading=\"lazy\" decoding=\"async\" src=\"https:\/\/doula-im-baum.de\/wp-content\/uploads\/2022\/01\/pexels-dih-andre\u0301a-01.jpg\" alt=\"\" class=\"wp-image-607\" width=\"180\" height=\"180\" srcset=\"https:\/\/doula-im-baum.de\/wp-content\/uploads\/2022\/01\/pexels-dih-andre\u0301a-01.jpg 500w, https:\/\/doula-im-baum.de\/wp-content\/uploads\/2022\/01\/pexels-dih-andre\u0301a-01-300x300.jpg 300w, https:\/\/doula-im-baum.de\/wp-content\/uploads\/2022\/01\/pexels-dih-andre\u0301a-01-150x150.jpg 150w\" sizes=\"auto, (max-width: 180px) 100vw, 180px\" \/><\/figure>\n<\/div>\n\n\n<p>\u00ab\u00a0La Doula, c&rsquo;est cette personne bienveillante, ni m\u00e9dicale, ni familiale, experte de rien, mais exp\u00e9riment\u00e9e en tout, que l&rsquo;on a envie d&rsquo;avoir \u00e0 ses c\u00f4t\u00e9s. Pour notre v\u00e9cu (2nde grossesse, en expatriation), les \u00e9changes avec elle ont surtout permis de nous relier entre nous. Elle a \u00e9t\u00e9 un facilitateur de discussion entre les membres de notre petite famille. Elle a concr\u00e9tis\u00e9 cette tierce personne qui sollicite que l&rsquo;on doive prendre des temps pour discuter et projeter vraiment ensemble. <br>Elle a donn\u00e9 corps \u00e0 nos projections, les a confront\u00e9es aussi. Elle nous a engag\u00e9 \u00e0 penser surtout \u00e0 notre bonheur\/puissance d&rsquo;amour avant que l&rsquo;on se transforme en logisticiens du quotidien. Et chaque fois qu&rsquo;une question demande d&rsquo;\u00eatre creus\u00e9e, elle s&rsquo;av\u00e8re \u00eatre un v\u00e9ritable pilier\u2026&nbsp;\u00bb Axelle<\/p>\n\n\n\n<p>\u00ab&nbsp;Les instants sombres d\u2019Une maman sont d\u2019un noir intense. Et pourtant celle qui r\u00e9ussit toujours \u00e0 allumer une \u00e9tincelle, fut C\u00e9line. Merci pour ta lumi\u00e8re&nbsp;\u00bb Charlotte<\/p>\n\n\n\n<hr class=\"wp-block-separator has-alpha-channel-opacity is-style-dots\"\/>\n\n\n\n<p>Lorsque j\u00b4ai rencontr\u00e9 C\u00e9line pour pr\u00e9parer notre accompagnement post-partum, elle donnait la d\u00e9finition suivante de la doula \u00e0 mon mari, qui se demandait en quoi cet accompagnement allait consister: \u00ab\u00a0C\u00b4est une petite f\u00e9e qui est l\u00e0 pour prendre soin de la femme apr\u00e8s la naissance du b\u00e9b\u00e9.\u00a0\u00bb. Et moi de proposer la d\u00e9finition suivante: \u00ab\u00a0La gyn\u00e9co s\u00b4occupe de mon vagin, la sage-femme s\u00b4occupe du b\u00e9b\u00e9, et la doula s\u00b4occupe de moi.\u00a0\u00bb<br>Il s\u00b4av\u00e8re que C\u00e9line avait raison.<br>L\u00b4accompagnement qu\u00b4elle nous a prodigu\u00e9 \u00e0 tous a \u00e9t\u00e9 merveilleux et l\u00b4une des meilleures d\u00e9cision prises pour pr\u00e9parer l\u00b4arriver de b\u00e9b\u00e9.<br>Car cet accompagnement n\u00b4\u00e9tait en fait pas que pour moi, il \u00e9tait aussi pour mon mari et pour notre premier-n\u00e9. Et il a commenc\u00e9 avant l\u00b4arriv\u00e9e de b\u00e9b\u00e9 d\u00e9j\u00e0.<\/p>\n\n\n\n<p>C\u00e9line nous a apport\u00e9 certaines clefs pour nous pr\u00e9parer en tant que famille \u00e0 cet \u00e9v\u00e8nement majeur qui allait venir bouleverser nos vies \u00e0 tous. De petits conseils jusqu\u00b4\u00e0 des choses concr\u00e8tes \u00e0 pr\u00e9parer, de ce que nous sachions d\u00e9j\u00e0 en tant que parents \u00ab\u00a0experiment\u00e9s\u00a0\u00bb et avions besoin de r\u00e9entendre, \u00e0 certains d\u00e9tails auxquels nous n\u00b4aurions pas pens\u00e9; tout cela nous a permis de nous sentir tr\u00e8s sereins dans les semaines pr\u00e9c\u00e9dant l\u00b4accouchement. En particulier la facon dont notre fils fut impliqu\u00e9 dans ces pr\u00e9paratifs grace aux conseils de C\u00e9line est tr\u00e8s certainement l\u00b4une des raisons pour lesquelles il vit aujourd\u00b4hui aussi bien la pr\u00e9sence de sa petite soeur.<\/p>\n\n\n\n<p>Puis, pendant trois semaines apr\u00e8s l\u00b4arriv\u00e9e de notre fille, C\u00e9line est venue nous accompagner \u00e0 nous re.trouver, nous rencontrer, nous reposer, nous renforcer.<br>Nous avions choisi la formule premium et C\u00e9line venait deux fois par semaine pendant trois heures. Elle pr\u00e9parait des repas sp\u00e9cialement r\u00e9fl\u00e9chis pour aider mon corps \u00e0 retrouver ses forces, ainsi que pour satisfaire \u00e0 mes papilles bien sur; C\u00e9line avait pris le soin d\u00b4\u00e9couter mes gouts et mes envies avant de pr\u00e9parer ses recettes. Mon fils s\u00b4en est r\u00e9gal\u00e9 \u00e9galement, ce qui est vraiment super lorsqu\u00b4on ne peut pas se lever pour lui pr\u00e9parer des repas sains.<br>Nous prenions \u00e9galement le temps de discuter de tout ce qui peut passer par la tete et le coeur d\u00b4une femme qui vient de mettre au monde un enfant, qui se red\u00e9finit en tant que m\u00e8re, \u00e9pouse, femme, dont le syst\u00e8me hormonal vacille \u00e0 nouveau, dont le corps a \u00e9t\u00e9 mis \u00e0 l\u00b4\u00e9preuve. Cet \u00e9coute empathique et les conseils que C\u00e9line me procurait ont \u00e0 chaque fois r\u00e9ussi \u00e0 me lib\u00e9rer vite de pens\u00e9es et \u00e9motions qui autrement auraient pu encombrer les moments si pr\u00e9cieux de la rencontre avec ma fille.<br>Enfin, C\u00e9line m\u00b4a procur\u00e9 des soins dont je n\u00b4osais rever pendant cette p\u00e9riode intense et extremement importante pour le corps. Lors du premier serrage de bassin, les larmes ont coul\u00e9 d\u00b4elles-meme, sans crier gare, tellement la sensation procur\u00e9e \u00e9tait forte. Lorsqu\u00b4elle me massait les pieds avec de la rose, m\u00b4expliquant les bienfaits pour ancrer maman et enfant dans un lien fort, je me sentais reprendre racine en moi.<\/p>\n\n\n\n<p>Avec son empathie, ses attentions, ses mots, ses gestes, ses regards, et sa douce \u00e9nergie, C\u00e9line a contribu\u00e9 \u00e0 faire de ces quelques semaines clefs quelque chose de magnifique pour notre famille. Je suis convaincue que cet accompagnement m\u00b4a permis de d\u00e9velopper un lien encore plus fort avec ma fille que ce qu\u00b4il aurait pu etre; et de pr\u00e9parer mon corps \u00e1 se remettre en lui donnant la possibilit\u00e9 de vraiment se reposer aussi longtemps que n\u00e9cessaire. Je sais que sans C\u00e9line, je me serais davantage lev\u00e9e pour \u00ab\u00a0faire des choses\u00a0\u00bb, que j\u00b4aurais moins os\u00e9 m\u00b4appuyer sur mon mari comme relais, que j\u00b4aurais trouv\u00e9 des excuses pour sortir du repos dont je ne soupconnais pas avoir autant besoin. Je sais que grace \u00e0 C\u00e9line, notre dynamique familiale est mieux ancr\u00e9e dans l\u00b4interd\u00e9pendance, et que mon corps est plus fort et sain.<\/p>\n\n\n\n<p>Merci C\u00e9line.<\/p>\n\n\n\n<h2 class=\"wp-block-heading\" id=\"tente-rouge\">Tente rouge<\/h2>\n\n\n<div class=\"wp-block-image is-style-rounded\">\n<figure class=\"alignright size-full is-resized\"><img loading=\"lazy\" decoding=\"async\" src=\"https:\/\/doula-im-baum.de\/wp-content\/uploads\/2022\/01\/TenteRouge03.jpg\" alt=\"\" class=\"wp-image-625\" width=\"220\" height=\"220\" srcset=\"https:\/\/doula-im-baum.de\/wp-content\/uploads\/2022\/01\/TenteRouge03.jpg 239w, https:\/\/doula-im-baum.de\/wp-content\/uploads\/2022\/01\/TenteRouge03-150x150.jpg 150w\" sizes=\"auto, (max-width: 220px) 100vw, 220px\" \/><\/figure>\n<\/div>\n\n\n<p>\u00ab&nbsp;En participant \u00e0 ma premi\u00e8re tente rouge \u00e0 Im Baum, je ne savais pas vraiment \u00e0 quoi m\u2019Attendre, je n\u2019aurais jamais cru trouve un espace aussi avaleur\u2026 et pourtant! Je suis pr\u00e9sente maintenant \u00e0 toutes celles que je peux. Ces moments sont pour moi magiques.<br>A toutes celles qui ne connaissent pas ou qui h\u00e9sitent, venez voir. La sonorit\u00e9 est irrempla\u00e7able!&nbsp;\u00bb Charlotte<\/p>\n\n\n\n<p>\u00ab&nbsp;Deux heures par mois irent que pour moi, une petite pause dans un quotidien bien charg\u00e9. Un lieu bienveillant qui accompagne tous les petits et grands th\u00e8mes de la vie. On en ressort remplie d\u2019\u00e9nergie f\u00e9minine.&nbsp;\u00bb Solveig<\/p>\n\n\n\n<h2 class=\"wp-block-heading\" id=\"krabbelgruppe\">Krabbelgruppe<\/h2>\n\n\n<div class=\"wp-block-image is-style-rounded\">\n<figure class=\"alignleft size-full is-resized\"><img loading=\"lazy\" decoding=\"async\" src=\"https:\/\/doula-im-baum.de\/wp-content\/uploads\/2022\/01\/pexels-alexandro-david-02.jpg\" alt=\"\" class=\"wp-image-593\" width=\"180\" height=\"180\" srcset=\"https:\/\/doula-im-baum.de\/wp-content\/uploads\/2022\/01\/pexels-alexandro-david-02.jpg 483w, https:\/\/doula-im-baum.de\/wp-content\/uploads\/2022\/01\/pexels-alexandro-david-02-300x300.jpg 300w, https:\/\/doula-im-baum.de\/wp-content\/uploads\/2022\/01\/pexels-alexandro-david-02-150x150.jpg 150w\" sizes=\"auto, (max-width: 180px) 100vw, 180px\" \/><\/figure>\n<\/div>\n\n\n<p>\u00ab&nbsp;En tant que jeune m\u00e8re on se pose mille questions et lors du Krabbelgruppe. C\u00e9line prend toujours le temps d\u2019\u00e9couter chaque parent\u00e9 de donner des conseils bienveillants. C\u2019est pr\u00e9cieux!&nbsp;\u00bb Pauline<\/p>\n\n\n\n<p>\u00ab&nbsp;Les Krabbelgruppes de C\u00e9line \u00e0 Im Baum ont \u00e9t\u00e9 une r\u00e9v\u00e9lation. Etant loin de ma famille et de mes amis, je trouvais enfin un lieu de communaut\u00e9 o\u00f9 partager ma vie de maman. Rire et chanter mais aussi poser des questions, \u00e9couter des r\u00e9ponses\u2026 un vrai plaisir hebdomadaire auquel je participe avec mes 2 b\u00e9b\u00e9s! Charlotte<\/p>\n\n\n<div class=\"wp-block-image is-style-rounded\">\n<figure class=\"alignright size-full is-resized\"><img loading=\"lazy\" decoding=\"async\" src=\"https:\/\/doula-im-baum.de\/wp-content\/uploads\/2022\/01\/pexels-quang-nguyen-vinh-01.jpg\" alt=\"\" class=\"wp-image-603\" width=\"140\" height=\"140\" srcset=\"https:\/\/doula-im-baum.de\/wp-content\/uploads\/2022\/01\/pexels-quang-nguyen-vinh-01.jpg 500w, https:\/\/doula-im-baum.de\/wp-content\/uploads\/2022\/01\/pexels-quang-nguyen-vinh-01-300x300.jpg 300w, https:\/\/doula-im-baum.de\/wp-content\/uploads\/2022\/01\/pexels-quang-nguyen-vinh-01-150x150.jpg 150w\" sizes=\"auto, (max-width: 140px) 100vw, 140px\" \/><\/figure>\n<\/div>\n\n\n<p>\u00ab&nbsp;Ich komme schon mit meinem zweiten Kind zu C\u00e9line in den Baum. Von der Krabbelgruppe, zur Spielgruppe bis zu Musik und Bewegung haben wir alles mitgemacht. Es hat nicht lange gedauert bis wir alle Lieder auch zu Hause rauf und runter gesungen haben, weil meine T\u00f6chter sie so sehr lieben. Die beiden haben immer gro\u00dfen Spa\u00df in C\u00e9lines Stunden. Und mir tut es jedesmal wieder gut mich mit anderen Eltern auszutauschen und liebevolle und hilfreiche Ratschl\u00e4ge von C\u00e9line und zu bekommen. Ich freue mich immer schon auf die Tage an denen wir zu C\u00e9line gehen, denn danach geht es uns allen besser als vorher.&nbsp;\u00bb Johanna<\/p>\n\n\n\n<p>\u00ab&nbsp;Eine Krabbelgruppe, die allen gut tut: die Babies sind in den Bann genommen von den mit Liebe ausgesuchten Spielsachen und sch\u00f6nen Liedern, die Eltern haben h\u00f6r einen vertrauensvollen Raum, in dem sie sich mitteilen und Kontakte kn\u00fcpfen k\u00f6nnen. C\u00e9line hat f\u00fcr alle ein offenes Ohr und stets einem guten Tipp. Nach einer Stunde geht man mit neuer Energie zur\u00fcck in den Alltag.&nbsp;\u00bb Solveig<\/p>\n\n\n<div class=\"wp-block-image is-style-rounded\">\n<figure class=\"alignleft size-full is-resized\"><img loading=\"lazy\" decoding=\"async\" src=\"https:\/\/doula-im-baum.de\/wp-content\/uploads\/2022\/01\/pexels-tubarones-photography-01.jpg\" alt=\"\" class=\"wp-image-604\" width=\"180\" height=\"180\" srcset=\"https:\/\/doula-im-baum.de\/wp-content\/uploads\/2022\/01\/pexels-tubarones-photography-01.jpg 500w, https:\/\/doula-im-baum.de\/wp-content\/uploads\/2022\/01\/pexels-tubarones-photography-01-300x300.jpg 300w, https:\/\/doula-im-baum.de\/wp-content\/uploads\/2022\/01\/pexels-tubarones-photography-01-150x150.jpg 150w\" sizes=\"auto, (max-width: 180px) 100vw, 180px\" \/><\/figure>\n<\/div>\n\n\n<p>Wir kommen alle immer sehr gerne zu dir, und freuen uns auf jede weitere Musikstunde mit dir. Besonders die Kinder haben bei dir viel spa\u00df, der gro\u00dfe beim Toben, Springen und Rennen, die kleine, wenn du Musik machst. Auch deine Lieder singen wir zuhause, diese m\u00f6gen die Kinder am meisten \ud83d\ude42<br>Ich finde es besonders toll bei dir, weil du jeden Menschen so siehst wie er ist, es gibt kein richtig oder falsch, wir Eltern k\u00f6nnen alles erz\u00e4hlen und alles Fragen, wir k\u00f6nnen uns untereinander austauschen oder du gibst uns kleine Ratschl\u00e4ge was helfen k\u00f6nnte in deiner Fantastischen ruhigen Art. Ich wei\u00df das sehr zu sch\u00e4tzen \ud83d\ude42<br>Die Zeit bei dir ist immer wie eine kleine Auszeit, ein Raum in dem alles Ok ist, egal ob man traurig, gl\u00fccklich, oder ratlos ist. Bei dir ist eben alles gut so wie es ist.<br>Familie Hinz Natalija<\/p>\n\n\n\n<h2 class=\"wp-block-heading\" id=\"pour-l-eveil-musical\">Pour L\u2019eveil musical<\/h2>\n\n\n<div class=\"wp-block-image is-style-rounded\">\n<figure class=\"alignleft size-full is-resized\"><img loading=\"lazy\" decoding=\"async\" src=\"https:\/\/doula-im-baum.de\/wp-content\/uploads\/2022\/01\/Krabbelgruppe.png\" alt=\"\" class=\"wp-image-610\" width=\"190\" height=\"190\" srcset=\"https:\/\/doula-im-baum.de\/wp-content\/uploads\/2022\/01\/Krabbelgruppe.png 424w, https:\/\/doula-im-baum.de\/wp-content\/uploads\/2022\/01\/Krabbelgruppe-300x300.png 300w, https:\/\/doula-im-baum.de\/wp-content\/uploads\/2022\/01\/Krabbelgruppe-150x150.png 150w\" sizes=\"auto, (max-width: 190px) 100vw, 190px\" \/><\/figure>\n<\/div>\n\n\n<p>\u00ab&nbsp; Mon fils n\u2019attend qu\u2019une chose c\u2019est d\u2019aller au \u00ab&nbsp;cours de musique de C\u00e9line&nbsp;\u00bb comme il le dit. Un moment de partage de chants, de danse, tout ca en francais! Cela fait plaisir \u00e0 toute la famille! Pauline<\/p>\n\n\n<div class=\"wp-block-image is-style-rounded\">\n<figure class=\"alignright size-full is-resized\"><img loading=\"lazy\" decoding=\"async\" src=\"https:\/\/doula-im-baum.de\/wp-content\/uploads\/2022\/01\/eveil_musical.png\" alt=\"\" class=\"wp-image-613\" width=\"130\" height=\"130\" srcset=\"https:\/\/doula-im-baum.de\/wp-content\/uploads\/2022\/01\/eveil_musical.png 425w, https:\/\/doula-im-baum.de\/wp-content\/uploads\/2022\/01\/eveil_musical-300x300.png 300w, https:\/\/doula-im-baum.de\/wp-content\/uploads\/2022\/01\/eveil_musical-150x150.png 150w\" sizes=\"auto, (max-width: 130px) 100vw, 130px\" \/><\/figure>\n<\/div>\n\n\n<p>\u00ab&nbsp;L\u2019atelier du samedis pour nous parents et enfants un espace convivial qui rythme nos semaines et apporte des moments de connivences musicale et de rire entre nous au-dela de cette heure pass\u00e9e ensemble. Merci C\u00e9line&nbsp;\u00bb Maxime<\/p>\n\n\n\n<p><\/p>\n\n\n\n<p>L\u2019\u00e9v\u00e8nement incourtounable du mois ! Appr\u00e9ci\u00e9 par les enfants comme par les parents, l\u2019\u00e9veil musical est une petite heure remplie de chansons, de jeux, d\u2019histoires et de rires!&nbsp;\u00bb Solveig<\/p>\n\n\n\n<h2 class=\"wp-block-heading\">Rebozo<\/h2>\n\n\n<div class=\"wp-block-image is-style-rounded\">\n<figure class=\"alignleft size-full\"><img loading=\"lazy\" decoding=\"async\" width=\"237\" height=\"237\" src=\"https:\/\/doula-im-baum.de\/wp-content\/uploads\/2022\/03\/Rebozo02.jpg\" alt=\"\" class=\"wp-image-742\" srcset=\"https:\/\/doula-im-baum.de\/wp-content\/uploads\/2022\/03\/Rebozo02.jpg 237w, https:\/\/doula-im-baum.de\/wp-content\/uploads\/2022\/03\/Rebozo02-150x150.jpg 150w\" sizes=\"auto, (max-width: 237px) 100vw, 237px\" \/><\/figure>\n<\/div>\n\n\n<p>\u201eDepuis la naissance de ma fille il y a 10 ans, j\u2018avais r\u00e9guli\u00e8rement le sentiment que mon bassin demeurait ouvert et poussait vers l&rsquo;ext\u00e9rieur. Le soin Rebozo fut une v\u00e9ritable m\u00e9tamorphose:<br>De chenille \u00e0 chrysalide quand le resserrement et le repositionnement s\u2018 op\u00e8rent, \u00e0 papillon lorsque l\u2018on red\u00e9couvre son corps.<br>La douceur, la bienveillance et la qui\u00e9tude de C\u00e9line et Angela m ont accompagn\u00e9 pendant 2:00. Le massage de pied \u00e0 4 mains m a permis de l\u00e2cher prise doucement et en profondeur pour me pr\u00e9parer au cocon.<br>J ai ador\u00e9 le resserrement car je me sentais maintenue et en s\u00e9curit\u00e9. L ouverture des foulards les uns apr\u00e8s les autres a eu sur moi un effet physique et psychologique puissant.<br>Je suis ressortie avec le sentiment d\u2018avoir fermer des portes du pass\u00e9 de m\u2019\u00eatre retrouv\u00e9e physiquement. Je me sens plus forte et plus confiante pour accueillir mes prochaines aventures de femmes.\u201c<\/p>\n\n\n\n<p>Belle exp\u00e9rience qui est tomb\u00e9e \u00e0 pique niveau timing : Ma fille qui commen\u00e7ait \u00e0 marcher, la perspective de reprendre le travail, pas mal de chose dans ma t\u00eate\u2026 gr\u00e2ce \u00e0 une approche en douceur, on a parl\u00e9. J\u2019ai pleur\u00e9. J\u2018ai mis des mots sur des maux. J\u2018attendais beaucoup de l\u2019approche physique du Rebozo avec le soin enveloppant. Moi qui n\u2018est pas l\u2018habitude de faire de la m\u00e9ditation, \u00e7a m\u2018a permis de me concentrer sur mes sensations physiques et je faire une introspection pendant ce moment rien que pour moi. Je suis revenu sur ce que ces derniers mois avait fait sur ma vie, sur moi. Une mise \u00e0 plat en quelques sorte pour repartir sereine pour la suite de l\u2018aventure. Merci les filles ! &#8211; Doriane Favre&nbsp;<\/p>\n\n\n\n<p>J&rsquo;ai fait appel au soutien de C\u00e9line peu apr\u00e8s que ma fille ait eu un an. J&rsquo;\u00e9tais sur le point de quitter le cong\u00e9 parental et la phase symbiotique du b\u00e9b\u00e9, ainsi que de reprendre une journ\u00e9e de travail intense, ce qui me pesait et me d\u00e9passait. Je me sentais chaque jour triste, stress\u00e9e et irritable, et C\u00e9line m&rsquo;a propos\u00e9 une s\u00e9ance individuelle et le rituel Rebozo.&nbsp;<br>Dans le cadre de la s\u00e9ance individuelle, j&rsquo;ai pu r\u00e9fl\u00e9chir tranquillement \u00e0 la grossesse, \u00e0 l&rsquo;accouchement, au post-partum et au cong\u00e9 parental. J&rsquo;ai pu faire le deuil de tout ce qui m&rsquo;avait pes\u00e9 ou qui s&rsquo;\u00e9tait d\u00e9roul\u00e9 diff\u00e9remment de ce que j&rsquo;attendais, tout en constatant combien de choses belles, cr\u00e9atives et vivantes \u00e9taient arriv\u00e9es dans ma vie. Avec le soutien de C\u00e9line, j&rsquo;ai pu r\u00e9fl\u00e9chir \u00e0 la mani\u00e8re dont j&rsquo;avais chang\u00e9 en tant que femme et comment je pouvais passer \u00e0 la nouvelle phase qui s&rsquo;annon\u00e7ait avec force et en restant connect\u00e9e \u00e0 moi-m\u00eame.&nbsp;<br>Le rituel Rebozo a ensuite port\u00e9 sur la gu\u00e9rison physique et \u00e9motionnelle et l&rsquo;int\u00e9gration de ces m\u00eames th\u00e8mes. C\u00e9line et Gaelle avaient magnifiquement et amoureusement pr\u00e9par\u00e9 la salle, m&rsquo;ont accompagn\u00e9e chaleureusement et avec attention, et m&rsquo;ont offert un \u00e9quilibre parfait entre espace pour moi et accompagnement. Bien qu&rsquo;au d\u00e9but j&rsquo;avais du respect pour le fait d&rsquo;\u00eatre \u00e9troitement li\u00e9e, je me suis sentie tr\u00e8s s\u00fbre et en s\u00e9curit\u00e9 avec les deux doulas. J&rsquo;ai \u00e9t\u00e9 \u00e9tonn\u00e9e de voir \u00e0 quel point je me sentais repos\u00e9e, l\u00e9g\u00e8re et connect\u00e9e. Je n&rsquo;\u00e9tais qu&rsquo;ici et maintenant et j&rsquo;avais pu me d\u00e9barrasser de mes soucis et de mon fardeau. Deux semaines plus tard, je me sens toujours tr\u00e8s bien et je remarque que je profite intens\u00e9ment de mon dernier mois de cong\u00e9 parental avec ma fille.<br>Je suis reconnaissante du fond du c\u0153ur d&rsquo;avoir eu la possibilit\u00e9 de clore cette premi\u00e8re phase de la maternit\u00e9 d&rsquo;une mani\u00e8re aussi belle, affectueuse et consciente, et de pouvoir \u00eatre ouverte et heureuse de la nouveaut\u00e9. Je trouve le travail de C\u00e9line et Ga\u00eblle extr\u00eamement pr\u00e9cieux et je peux recommander cette exp\u00e9rience \u00e0 toutes les mamans qui se trouvent \u00e0 un seuil similaire. &#8211; Gergana<\/p>\n\n\n\n<p>Le rituel a \u00e9t\u00e9 une exp\u00e9rience physique et \u00e9motionnelle merveilleuse pour moi. J&rsquo;ai pu ressentir une grande transformation physique d&rsquo;une phase de ma vie, qui m&rsquo;a touch\u00e9 et rapproch\u00e9 de moi-m\u00eame. Beaucoup de tensions se sont envol\u00e9es et je suis \u00e0 nouveau physiquement plus en contact avec moi-m\u00eame. C\u00e9line et Ga\u00eblle organisent le rituel de mani\u00e8re magnifique, si bienfaisante et sensible, et cr\u00e9ent une atmosph\u00e8re de maintien et d&rsquo;apaisement. Elles nous accompagnent avec d\u00e9licatesse dans un petit voyage avec nous-m\u00eames. Apr\u00e8s cela, je me suis sentie recharg\u00e9e \u00e9nerg\u00e9tiquement et je veux absolument renouveler cette exp\u00e9rience. Merci beaucoup de m&rsquo;avoir permis de vivre cela. \ud83d\udc99<\/p>\n","protected":false},"excerpt":{"rendered":"<p>Doula \u00ab\u00a0La Doula, c&rsquo;est cette personne bienveillante, ni m\u00e9dicale, ni familiale, experte de rien, mais exp\u00e9riment\u00e9e en tout, que l&rsquo;on a envie d&rsquo;avoir \u00e0 ses c\u00f4t\u00e9s. Pour notre v\u00e9cu (2nde grossesse, en expatriation), les \u00e9changes avec elle ont surtout permis de nous relier entre nous. Elle a \u00e9t\u00e9 un facilitateur de discussion entre les membres &#8230; <a title=\"T\u00e9moignages\" class=\"read-more\" href=\"https:\/\/doula-im-baum.de\/fr\/temoignages\/\" aria-label=\"En savoir plus sur T\u00e9moignages\">Lire la suite<\/a><\/p>\n","protected":false},"author":2,"featured_media":0,"parent":0,"menu_order":0,"comment_status":"closed","ping_status":"closed","template":"","meta":{"footnotes":""},"class_list":["post-421","page","type-page","status-publish"],"translation":{"provider":"WPGlobus","version":"3.0.0","language":"fr","enabled_languages":["de","fr"],"languages":{"de":{"title":true,"content":true,"excerpt":false},"fr":{"title":true,"content":true,"excerpt":false}}},"_links":{"self":[{"href":"https:\/\/doula-im-baum.de\/fr\/wp-json\/wp\/v2\/pages\/421","targetHints":{"allow":["GET"]}}],"collection":[{"href":"https:\/\/doula-im-baum.de\/fr\/wp-json\/wp\/v2\/pages"}],"about":[{"href":"https:\/\/doula-im-baum.de\/fr\/wp-json\/wp\/v2\/types\/page"}],"author":[{"embeddable":true,"href":"https:\/\/doula-im-baum.de\/fr\/wp-json\/wp\/v2\/users\/2"}],"replies":[{"embeddable":true,"href":"https:\/\/doula-im-baum.de\/fr\/wp-json\/wp\/v2\/comments?post=421"}],"version-history":[{"count":66,"href":"https:\/\/doula-im-baum.de\/fr\/wp-json\/wp\/v2\/pages\/421\/revisions"}],"predecessor-version":[{"id":1119,"href":"https:\/\/doula-im-baum.de\/fr\/wp-json\/wp\/v2\/pages\/421\/revisions\/1119"}],"wp:attachment":[{"href":"https:\/\/doula-im-baum.de\/fr\/wp-json\/wp\/v2\/media?parent=421"}],"curies":[{"name":"wp","href":"https:\/\/api.w.org\/{rel}","templated":true}]}}